{"id":2462,"date":"2022-03-01T21:33:20","date_gmt":"2022-03-01T21:33:20","guid":{"rendered":"https:\/\/oliver-sa.com\/?page_id=2462"},"modified":"2022-03-01T21:39:00","modified_gmt":"2022-03-01T21:39:00","slug":"blog2","status":"publish","type":"page","link":"https:\/\/oliver-sa.com\/br\/blog2\/","title":{"rendered":"Blog2"},"content":{"rendered":"<p>[et_pb_section fb_built=&#8221;1&#8243; fullwidth=&#8221;on&#8221; disabled_on=&#8221;off|off|off&#8221; admin_label=&#8221;Hero&#8221; _builder_version=&#8221;4.14.8&#8243; background_color=&#8221;#1f1f1f&#8221; parallax=&#8221;on&#8221; custom_padding=&#8221;|||&#8221; hover_enabled=&#8221;0&#8243; transparent_background=&#8221;on&#8221; global_colors_info=&#8221;{}&#8221; width=&#8221;100%&#8221; sticky_enabled=&#8221;0&#8243;][\/et_pb_section][et_pb_section fb_built=&#8221;1&#8243; admin_label=&#8221;Blog&#8221; _builder_version=&#8221;3.22&#8243; background_color=&#8221;rgba(0,0,0,0.03)&#8221; background_size=&#8221;initial&#8221; background_position=&#8221;top_left&#8221; custom_padding=&#8221;100px|0px|100px|0px&#8221; collapsed=&#8221;off&#8221; global_colors_info=&#8221;{}&#8221;][et_pb_row use_custom_gutter=&#8221;on&#8221; _builder_version=&#8221;3.25&#8243; background_size=&#8221;initial&#8221; background_position=&#8221;top_left&#8221; background_repeat=&#8221;repeat&#8221; max_width=&#8221;1280px&#8221; custom_margin=&#8221;|||&#8221; custom_padding=&#8221;|||&#8221; use_custom_width=&#8221;on&#8221; custom_width_px=&#8221;1280px&#8221; global_colors_info=&#8221;{}&#8221;][et_pb_column type=&#8221;4_4&#8243; _builder_version=&#8221;3.25&#8243; background_position=&#8221;top_left&#8221; custom_padding=&#8221;|||&#8221; global_colors_info=&#8221;{}&#8221; custom_padding__hover=&#8221;|||&#8221;][et_pb_blog fullwidth=&#8221;off&#8221; posts_number=&#8221;9&#8243; include_categories=&#8221;62&#8243; show_author=&#8221;off&#8221; show_date=&#8221;off&#8221; show_pagination=&#8221;off&#8221; _builder_version=&#8221;4.14.8&#8243; header_font=&#8221;Montserrat||||&#8221; header_text_color=&#8221;#1f1f1f&#8221; header_font_size=&#8221;18px&#8221; body_font=&#8221;Montserrat||||&#8221; body_text_color=&#8221;#999999&#8243; body_font_size=&#8221;15px&#8221; meta_font=&#8221;Montserrat|on||on|&#8221; meta_text_color=&#8221;#c39d63&#8243; meta_font_size=&#8221;11px&#8221; meta_letter_spacing=&#8221;2px&#8221; meta_line_height=&#8221;1.9em&#8221; pagination_font=&#8221;Montserrat||||&#8221; pagination_text_color=&#8221;#c39d63&#8243; hover_enabled=&#8221;0&#8243; border_width_all=&#8221;0px&#8221; border_color_all=&#8221;#d8d8d8&#8243; border_style_all=&#8221;solid&#8221; border_width_all_fullwidth=&#8221;0px&#8221; border_color_all_fullwidth=&#8221;#d8d8d8&#8243; border_style_all_fullwidth=&#8221;solid&#8221; use_border_color=&#8221;on&#8221; border_width=&#8221;0px&#8221; global_colors_info=&#8221;{}&#8221; sticky_enabled=&#8221;0&#8243; excerpt_length=&#8221;20&#8243;][\/et_pb_blog][\/et_pb_column][\/et_pb_row][\/et_pb_section]<\/p>","protected":false},"excerpt":{"rendered":"<p>Nossa particpa\u00e7\u00e3o na Am\u00e9rica do Sul BlogOliver apresenta Ian Ely Como Ian Ely come\u00e7ou a trabalhar com a Oliver Manufacturing \u00e9 uma jornada muito interessante&#8230;. TIEMPOS DE ENTREGA SIN PRECEDENTES BlogA nuestros muy estimados clientes y parceros, Agradecemos por su continuado inter\u00e9s en los&#8230;<\/p>","protected":false},"author":1,"featured_media":0,"parent":0,"menu_order":0,"comment_status":"closed","ping_status":"closed","template":"","meta":{"_et_pb_use_builder":"on","_et_pb_old_content":"","_et_gb_content_width":"","footnotes":""},"class_list":["post-2462","page","type-page","status-publish","hentry"],"_links":{"self":[{"href":"https:\/\/oliver-sa.com\/br\/wp-json\/wp\/v2\/pages\/2462","targetHints":{"allow":["GET"]}}],"collection":[{"href":"https:\/\/oliver-sa.com\/br\/wp-json\/wp\/v2\/pages"}],"about":[{"href":"https:\/\/oliver-sa.com\/br\/wp-json\/wp\/v2\/types\/page"}],"author":[{"embeddable":true,"href":"https:\/\/oliver-sa.com\/br\/wp-json\/wp\/v2\/users\/1"}],"replies":[{"embeddable":true,"href":"https:\/\/oliver-sa.com\/br\/wp-json\/wp\/v2\/comments?post=2462"}],"version-history":[{"count":5,"href":"https:\/\/oliver-sa.com\/br\/wp-json\/wp\/v2\/pages\/2462\/revisions"}],"predecessor-version":[{"id":2471,"href":"https:\/\/oliver-sa.com\/br\/wp-json\/wp\/v2\/pages\/2462\/revisions\/2471"}],"wp:attachment":[{"href":"https:\/\/oliver-sa.com\/br\/wp-json\/wp\/v2\/media?parent=2462"}],"curies":[{"name":"wp","href":"https:\/\/api.w.org\/{rel}","templated":true}]}}